{"id":90,"date":"2023-06-19T18:00:28","date_gmt":"2023-06-19T16:00:28","guid":{"rendered":"https:\/\/ft-correction.fr\/?page_id=90"},"modified":"2024-12-13T17:15:41","modified_gmt":"2024-12-13T16:15:41","slug":"la-correction-de-votre-texte","status":"publish","type":"page","link":"https:\/\/ft-correction.fr\/?page_id=90","title":{"rendered":"Proc\u00e9dure de correction"},"content":{"rendered":"<style>.kb-row-layout-id90_930d73-83 > .kt-row-column-wrap{align-content:start;}:where(.kb-row-layout-id90_930d73-83 > .kt-row-column-wrap) > .wp-block-kadence-column{justify-content:start;}.kb-row-layout-id90_930d73-83 > .kt-row-column-wrap{column-gap:var(--global-kb-gap-md, 2rem);row-gap:var(--global-kb-gap-md, 2rem);max-width:820px;margin-left:auto;margin-right:auto;padding-bottom:var(--global-kb-spacing-sm, 1.5rem);grid-template-columns:minmax(0, 1fr);}.kb-row-layout-id90_930d73-83 > .kt-row-layout-overlay{opacity:0.30;}@media all and (max-width: 1024px){.kb-row-layout-id90_930d73-83 > .kt-row-column-wrap{grid-template-columns:minmax(0, 1fr);}}@media all and (max-width: 767px){.kb-row-layout-id90_930d73-83 > .kt-row-column-wrap{grid-template-columns:minmax(0, 1fr);}}<\/style><div class=\"kb-row-layout-wrap kb-row-layout-id90_930d73-83 alignnone wp-block-kadence-rowlayout\"><div class=\"kt-row-column-wrap kt-has-1-columns kt-row-layout-equal kt-tab-layout-inherit kt-mobile-layout-row kt-row-valign-top\">\n<style>.kadence-column90_548caf-f1 > .kt-inside-inner-col{display:flex;}.kadence-column90_548caf-f1 > .kt-inside-inner-col,.kadence-column90_548caf-f1 > .kt-inside-inner-col:before{border-top-left-radius:0px;border-top-right-radius:0px;border-bottom-right-radius:0px;border-bottom-left-radius:0px;}.kadence-column90_548caf-f1 > .kt-inside-inner-col{row-gap:var(--global-kb-gap-none, 0rem );column-gap:var(--global-kb-gap-sm, 1rem);}.kadence-column90_548caf-f1 > .kt-inside-inner-col{flex-direction:column;}.kadence-column90_548caf-f1 > .kt-inside-inner-col > .aligncenter{width:100%;}.kadence-column90_548caf-f1 > .kt-inside-inner-col:before{opacity:0.3;}.kadence-column90_548caf-f1{position:relative;}@media all and (max-width: 1024px){.kadence-column90_548caf-f1 > .kt-inside-inner-col{flex-direction:column;justify-content:center;}}@media all and (max-width: 767px){.kadence-column90_548caf-f1 > .kt-inside-inner-col{flex-direction:column;justify-content:center;}}<\/style>\n<div class=\"wp-block-kadence-column kadence-column90_548caf-f1\"><div class=\"kt-inside-inner-col\"><style>.kb-row-layout-id90_d4f5ab-f7 > .kt-row-column-wrap{align-content:start;}:where(.kb-row-layout-id90_d4f5ab-f7 > .kt-row-column-wrap) > .wp-block-kadence-column{justify-content:start;}.kb-row-layout-id90_d4f5ab-f7 > .kt-row-column-wrap{column-gap:var(--global-kb-gap-none, 0rem );row-gap:var(--global-kb-gap-md, 2rem);padding-right:0px;padding-left:0px;grid-template-columns:minmax(0, calc(40% - ((var(--global-kb-gap-none, 0rem ) * 1 )\/2)))minmax(0, calc(60% - ((var(--global-kb-gap-none, 0rem ) * 1 )\/2)));}.kb-row-layout-id90_d4f5ab-f7 > .kt-row-layout-overlay{opacity:0.30;}@media all and (max-width: 1024px){.kb-row-layout-id90_d4f5ab-f7 > .kt-row-column-wrap{grid-template-columns:repeat(2, minmax(0, 1fr));}}@media all and (max-width: 767px){.kb-row-layout-id90_d4f5ab-f7 > .kt-row-column-wrap{grid-template-columns:minmax(0, 1fr);}}<\/style><div class=\"kb-row-layout-wrap kb-row-layout-id90_d4f5ab-f7 alignnone has-theme-palette9-background-color kt-row-has-bg wp-block-kadence-rowlayout\"><div class=\"kt-row-column-wrap kt-has-2-columns kt-row-layout-equal kt-tab-layout-inherit kt-mobile-layout-row kt-row-valign-top\">\n<style>.kadence-column90_c553a3-ad > .kt-inside-inner-col{display:flex;}.kadence-column90_c553a3-ad > .kt-inside-inner-col,.kadence-column90_c553a3-ad > .kt-inside-inner-col:before{border-top-left-radius:0px;border-top-right-radius:0px;border-bottom-right-radius:0px;border-bottom-left-radius:0px;}.kadence-column90_c553a3-ad > .kt-inside-inner-col{column-gap:var(--global-kb-gap-sm, 1rem);}.kadence-column90_c553a3-ad > .kt-inside-inner-col{flex-direction:column;justify-content:center;align-items:center;}.kadence-column90_c553a3-ad > .kt-inside-inner-col > .kb-image-is-ratio-size{align-self:stretch;}.kadence-column90_c553a3-ad > .kt-inside-inner-col > .wp-block-kadence-advancedgallery{align-self:stretch;}.kadence-column90_c553a3-ad > .kt-inside-inner-col > .aligncenter{width:100%;}.kt-row-column-wrap > .kadence-column90_c553a3-ad{align-self:center;}.kt-inner-column-height-full:not(.kt-has-1-columns) > .wp-block-kadence-column.kadence-column90_c553a3-ad{align-self:auto;}.kt-inner-column-height-full:not(.kt-has-1-columns) > .wp-block-kadence-column.kadence-column90_c553a3-ad > .kt-inside-inner-col{flex-direction:column;justify-content:center;}.kadence-column90_c553a3-ad > .kt-inside-inner-col:before{opacity:0.3;}.kadence-column90_c553a3-ad{text-align:center;}.kadence-column90_c553a3-ad{position:relative;}@media all and (max-width: 1024px){.kt-row-column-wrap > .kadence-column90_c553a3-ad{align-self:center;}}@media all and (max-width: 1024px){.kt-inner-column-height-full:not(.kt-has-1-columns) > .wp-block-kadence-column.kadence-column90_c553a3-ad{align-self:auto;}}@media all and (max-width: 1024px){.kt-inner-column-height-full:not(.kt-has-1-columns) > .wp-block-kadence-column.kadence-column90_c553a3-ad > .kt-inside-inner-col{flex-direction:column;justify-content:center;}}@media all and (max-width: 1024px){.kadence-column90_c553a3-ad > .kt-inside-inner-col{flex-direction:column;justify-content:center;align-items:center;}}@media all and (max-width: 767px){.kt-row-column-wrap > .kadence-column90_c553a3-ad{align-self:center;}.kt-inner-column-height-full:not(.kt-has-1-columns) > .wp-block-kadence-column.kadence-column90_c553a3-ad{align-self:auto;}.kt-inner-column-height-full:not(.kt-has-1-columns) > .wp-block-kadence-column.kadence-column90_c553a3-ad > .kt-inside-inner-col{flex-direction:column;justify-content:center;}.kadence-column90_c553a3-ad > .kt-inside-inner-col{flex-direction:column;justify-content:center;align-items:center;}}<\/style>\n<div class=\"wp-block-kadence-column kadence-column90_c553a3-ad\"><div class=\"kt-inside-inner-col\"><style>.wp-block-kadence-advancedheading.kt-adv-heading90_5cbd5a-93, .wp-block-kadence-advancedheading.kt-adv-heading90_5cbd5a-93[data-kb-block=\"kb-adv-heading90_5cbd5a-93\"]{padding-bottom:0px;text-align:center;font-size:40px;font-style:normal;}.wp-block-kadence-advancedheading.kt-adv-heading90_5cbd5a-93 mark.kt-highlight, .wp-block-kadence-advancedheading.kt-adv-heading90_5cbd5a-93[data-kb-block=\"kb-adv-heading90_5cbd5a-93\"] mark.kt-highlight{font-style:normal;color:#f76a0c;-webkit-box-decoration-break:clone;box-decoration-break:clone;padding-top:0px;padding-right:0px;padding-bottom:0px;padding-left:0px;}<\/style>\n<h2 class=\"kt-adv-heading90_5cbd5a-93 wp-block-kadence-advancedheading has-theme-palette-4-color has-text-color\" data-kb-block=\"kb-adv-heading90_5cbd5a-93\"><strong>La proc\u00e9dure de correction<\/strong><\/h2>\n<\/div><\/div>\n\n\n<style>.kadence-column90_d55fb1-9d > .kt-inside-inner-col,.kadence-column90_d55fb1-9d > .kt-inside-inner-col:before{border-top-left-radius:0px;border-top-right-radius:0px;border-bottom-right-radius:0px;border-bottom-left-radius:0px;}.kadence-column90_d55fb1-9d > .kt-inside-inner-col{column-gap:var(--global-kb-gap-sm, 1rem);}.kadence-column90_d55fb1-9d > .kt-inside-inner-col{flex-direction:column;}.kadence-column90_d55fb1-9d > .kt-inside-inner-col > .aligncenter{width:100%;}.kadence-column90_d55fb1-9d > .kt-inside-inner-col:before{opacity:0.3;}.kadence-column90_d55fb1-9d{position:relative;}@media all and (max-width: 1024px){.kadence-column90_d55fb1-9d > .kt-inside-inner-col{flex-direction:column;justify-content:center;}}@media all and (max-width: 767px){.kadence-column90_d55fb1-9d > .kt-inside-inner-col{flex-direction:column;justify-content:center;}}<\/style>\n<div class=\"wp-block-kadence-column kadence-column90_d55fb1-9d\"><div class=\"kt-inside-inner-col\"><style>.wp-block-kadence-image.kb-image90_f87012-47:not(.kb-specificity-added):not(.kb-extra-specificity-added){margin-bottom:0px;}.kb-image90_f87012-47.kb-image-is-ratio-size, .kb-image90_f87012-47 .kb-image-is-ratio-size{max-width:1783px;width:100%;}.wp-block-kadence-column > .kt-inside-inner-col > .kb-image90_f87012-47.kb-image-is-ratio-size, .wp-block-kadence-column > .kt-inside-inner-col > .kb-image90_f87012-47 .kb-image-is-ratio-size{align-self:unset;}.kb-image90_f87012-47{max-width:1783px;}.image-is-svg.kb-image90_f87012-47{-webkit-flex:0 1 100%;flex:0 1 100%;}.image-is-svg.kb-image90_f87012-47 img{width:100%;}.kb-image90_f87012-47:not(.kb-image-is-ratio-size) .kb-img, .kb-image90_f87012-47.kb-image-is-ratio-size{padding-top:0px;}.kb-image90_f87012-47 .kb-image-has-overlay:after{opacity:0.3;}.kb-image90_f87012-47 img.kb-img, .kb-image90_f87012-47 .kb-img img{border-top:1px solid rgba(0,0,0,0);border-right:1px solid rgba(0,0,0,0);border-bottom:1px solid rgba(0,0,0,0);border-left:1px solid rgba(0,0,0,0);}@media all and (max-width: 1024px){.kb-image90_f87012-47 img.kb-img, .kb-image90_f87012-47 .kb-img img{border-top:1px solid rgba(0,0,0,0);border-right:1px solid rgba(0,0,0,0);border-bottom:1px solid rgba(0,0,0,0);border-left:1px solid rgba(0,0,0,0);}}@media all and (max-width: 767px){.kb-image90_f87012-47 img.kb-img, .kb-image90_f87012-47 .kb-img img{border-top:1px solid rgba(0,0,0,0);border-right:1px solid rgba(0,0,0,0);border-bottom:1px solid rgba(0,0,0,0);border-left:1px solid rgba(0,0,0,0);}}<\/style>\n<figure class=\"wp-block-kadence-image kb-image90_f87012-47 size-full kb-image-is-ratio-size\"><div class=\"kb-is-ratio-image kb-image-ratio-land21\"><img loading=\"lazy\" decoding=\"async\" width=\"800\" height=\"533\" src=\"https:\/\/ft-correction.fr\/wp-content\/uploads\/2024\/03\/photo29-edited.png\" alt=\"\" class=\"kb-img wp-image-665\" srcset=\"https:\/\/ft-correction.fr\/wp-content\/uploads\/2024\/03\/photo29-edited.png 800w, https:\/\/ft-correction.fr\/wp-content\/uploads\/2024\/03\/photo29-edited-300x200.png 300w, https:\/\/ft-correction.fr\/wp-content\/uploads\/2024\/03\/photo29-edited-768x512.png 768w\" sizes=\"auto, (max-width: 800px) 100vw, 800px\" \/><\/div><\/figure>\n<\/div><\/div>\n\n<\/div><\/div>\n\n<style>.wp-block-kadence-advancedheading.kt-adv-heading90_4a6ffc-67, .wp-block-kadence-advancedheading.kt-adv-heading90_4a6ffc-67[data-kb-block=\"kb-adv-heading90_4a6ffc-67\"]{padding-top:var(--global-kb-spacing-xs, 1rem);padding-bottom:var(--global-kb-spacing-xs, 1rem);text-align:center;font-weight:400;font-style:normal;font-family:Montserrat;}.wp-block-kadence-advancedheading.kt-adv-heading90_4a6ffc-67 mark.kt-highlight, .wp-block-kadence-advancedheading.kt-adv-heading90_4a6ffc-67[data-kb-block=\"kb-adv-heading90_4a6ffc-67\"] mark.kt-highlight{font-style:normal;color:#f76a0c;-webkit-box-decoration-break:clone;box-decoration-break:clone;padding-top:0px;padding-right:0px;padding-bottom:0px;padding-left:0px;}<\/style>\n<h2 class=\"kt-adv-heading90_4a6ffc-67 wp-block-kadence-advancedheading\" data-kb-block=\"kb-adv-heading90_4a6ffc-67\"><strong>Comment je proc\u00e8de pour corriger votre texte<\/strong><\/h2>\n\n\n<style>.wp-block-kadence-advancedheading.kt-adv-heading90_dc63e4-43, .wp-block-kadence-advancedheading.kt-adv-heading90_dc63e4-43[data-kb-block=\"kb-adv-heading90_dc63e4-43\"]{font-style:normal;}.wp-block-kadence-advancedheading.kt-adv-heading90_dc63e4-43 mark.kt-highlight, .wp-block-kadence-advancedheading.kt-adv-heading90_dc63e4-43[data-kb-block=\"kb-adv-heading90_dc63e4-43\"] mark.kt-highlight{font-style:normal;color:#f76a0c;-webkit-box-decoration-break:clone;box-decoration-break:clone;padding-top:0px;padding-right:0px;padding-bottom:0px;padding-left:0px;}.wp-block-kadence-advancedheading.kt-adv-heading90_dc63e4-43[data-kb-block=\"kb-adv-heading90_dc63e4-43\"] a, a.kb-advanced-heading-link.kt-adv-heading-link90_dc63e4-43{text-decoration:none;}<\/style>\n<p class=\"kt-adv-heading90_dc63e4-43 wp-block-kadence-advancedheading hls-none\" data-kb-block=\"kb-adv-heading90_dc63e4-43\">Les <strong><a href=\"https:\/\/ft-correction.fr\/?page_id=10\">corrections des erreurs<\/a><\/strong> d\u2019orthographe lexicale et grammaticale, de syntaxe, de s\u00e9mantique et typographiques sont faites dans le texte&nbsp;:<\/p>\n\n\n\n<ul style=\"font-size:17px\" class=\"wp-block-list\">\n<li style=\"margin-right:var(--wp--preset--spacing--40);margin-left:var(--wp--preset--spacing--40);font-size:15px\">avec LibreOffice Writer&nbsp;: \u00ab&nbsp;\u00c9dition&nbsp;\u00bb =&gt; \u00ab&nbsp;Suivi des modifications&nbsp;\u00bb<\/li>\n\n\n\n<li style=\"margin-right:var(--wp--preset--spacing--40);margin-left:var(--wp--preset--spacing--40);font-size:15px\">avec Office Word&nbsp;: \u00ab&nbsp;R\u00e9vision&nbsp;\u00bb =&gt; \u00ab&nbsp;Suivi des modifications&nbsp;\u00bb.<\/li>\n<\/ul>\n\n\n<style>.wp-block-kadence-advancedheading.kt-adv-heading90_cdbc05-5c, .wp-block-kadence-advancedheading.kt-adv-heading90_cdbc05-5c[data-kb-block=\"kb-adv-heading90_cdbc05-5c\"]{padding-left:var(--global-kb-spacing-sm, 1.5rem);font-size:15px;font-style:normal;}.wp-block-kadence-advancedheading.kt-adv-heading90_cdbc05-5c mark.kt-highlight, .wp-block-kadence-advancedheading.kt-adv-heading90_cdbc05-5c[data-kb-block=\"kb-adv-heading90_cdbc05-5c\"] mark.kt-highlight{font-style:normal;color:#f76a0c;-webkit-box-decoration-break:clone;box-decoration-break:clone;padding-top:0px;padding-right:0px;padding-bottom:0px;padding-left:0px;}<\/style>\n<p class=\"kt-adv-heading90_cdbc05-5c wp-block-kadence-advancedheading\" data-kb-block=\"kb-adv-heading90_cdbc05-5c\">J\u2019ai une pr\u00e9f\u00e9rence pour LibreOffice Writer puisque c\u2019est un logiciel libre. Je peux lire et corriger votre texte tout en conservant le format Word, seul inconv\u00e9nient&nbsp;: cela peut modifier la mise en page. Par cons\u00e9quent, si vous avez d\u00e9j\u00e0 travaill\u00e9 sur la pr\u00e9sentation de votre texte je travaille dans Office Word.<\/p>\n\n\n<style>.wp-block-kadence-advancedheading.kt-adv-heading90_9793aa-b2, .wp-block-kadence-advancedheading.kt-adv-heading90_9793aa-b2[data-kb-block=\"kb-adv-heading90_9793aa-b2\"]{padding-left:var(--global-kb-spacing-sm, 1.5rem);font-size:15px;font-style:normal;}.wp-block-kadence-advancedheading.kt-adv-heading90_9793aa-b2 mark.kt-highlight, .wp-block-kadence-advancedheading.kt-adv-heading90_9793aa-b2[data-kb-block=\"kb-adv-heading90_9793aa-b2\"] mark.kt-highlight{font-style:normal;color:#f76a0c;-webkit-box-decoration-break:clone;box-decoration-break:clone;padding-top:0px;padding-right:0px;padding-bottom:0px;padding-left:0px;}<\/style>\n<p class=\"kt-adv-heading90_9793aa-b2 wp-block-kadence-advancedheading\" data-kb-block=\"kb-adv-heading90_9793aa-b2\">Une relecture est n\u00e9cessaire pour v\u00e9rifier que le texte corrig\u00e9 ne comporte plus aucune erreur, suite \u00e0 un oubli au cours de la premi\u00e8re lecture ou \u00e0 une faute de frappe.<\/p>\n\n\n<style>.wp-block-kadence-advancedheading.kt-adv-heading90_e2b0f3-9f, .wp-block-kadence-advancedheading.kt-adv-heading90_e2b0f3-9f[data-kb-block=\"kb-adv-heading90_e2b0f3-9f\"]{padding-left:var(--global-kb-spacing-sm, 1.5rem);font-size:15px;font-style:normal;}.wp-block-kadence-advancedheading.kt-adv-heading90_e2b0f3-9f mark.kt-highlight, .wp-block-kadence-advancedheading.kt-adv-heading90_e2b0f3-9f[data-kb-block=\"kb-adv-heading90_e2b0f3-9f\"] mark.kt-highlight{font-style:normal;color:#f76a0c;-webkit-box-decoration-break:clone;box-decoration-break:clone;padding-top:0px;padding-right:0px;padding-bottom:0px;padding-left:0px;}<\/style>\n<p class=\"kt-adv-heading90_e2b0f3-9f wp-block-kadence-advancedheading\" data-kb-block=\"kb-adv-heading90_e2b0f3-9f\">Vous \u00eates libre d\u2019accepter mes propositions de correction ou de les rejeter. Cependant je vous conseille de toutes les conserver car elles sont n\u00e9cessaires. Une fois accept\u00e9es elles sont automatiquement introduites dans votre texte, un gain de temps non n\u00e9gligeable pour vous.                                                                                  <\/p>\n\n\n<style>.wp-block-kadence-advancedheading.kt-adv-heading90_3656e9-32, .wp-block-kadence-advancedheading.kt-adv-heading90_3656e9-32[data-kb-block=\"kb-adv-heading90_3656e9-32\"]{padding-left:var(--global-kb-spacing-sm, 1.5rem);font-size:15px;font-style:normal;}.wp-block-kadence-advancedheading.kt-adv-heading90_3656e9-32 mark.kt-highlight, .wp-block-kadence-advancedheading.kt-adv-heading90_3656e9-32[data-kb-block=\"kb-adv-heading90_3656e9-32\"] mark.kt-highlight{font-style:normal;color:#f76a0c;-webkit-box-decoration-break:clone;box-decoration-break:clone;padding-top:0px;padding-right:0px;padding-bottom:0px;padding-left:0px;}<\/style>\n<p class=\"kt-adv-heading90_3656e9-32 wp-block-kadence-advancedheading\" data-kb-block=\"kb-adv-heading90_3656e9-32\">Je n\u2019y associe que rarement des <strong>commentaires<\/strong> sauf si vous souhaitez profiter de mon travail pour progresser en orthographe et en grammaire. J\u2019applique alors un tarif plus \u00e9lev\u00e9 car cela demande beaucoup plus de temps.<\/p>\n\n\n<style>.wp-block-kadence-advancedheading.kt-adv-heading90_eea3e9-cc, .wp-block-kadence-advancedheading.kt-adv-heading90_eea3e9-cc[data-kb-block=\"kb-adv-heading90_eea3e9-cc\"]{padding-left:var(--global-kb-spacing-sm, 1.5rem);font-size:15px;font-style:normal;}.wp-block-kadence-advancedheading.kt-adv-heading90_eea3e9-cc mark.kt-highlight, .wp-block-kadence-advancedheading.kt-adv-heading90_eea3e9-cc[data-kb-block=\"kb-adv-heading90_eea3e9-cc\"] mark.kt-highlight{font-style:normal;color:#f76a0c;-webkit-box-decoration-break:clone;box-decoration-break:clone;padding-top:0px;padding-right:0px;padding-bottom:0px;padding-left:0px;}<\/style>\n<p class=\"kt-adv-heading90_eea3e9-cc wp-block-kadence-advancedheading\" data-kb-block=\"kb-adv-heading90_eea3e9-cc\">Si vous me demandez une correction sur un <strong>fichier PDF<\/strong>, le travail sera plus long car je ne peux faire les modifications dans le texte et je dois r\u00e9diger mes propositions de correction dans des commentaires. Pour vous ce sera plus co\u00fbteux et plus \u00e9nergivore car vous devrez corriger par vous m\u00eame chaque erreur.<\/p>\n\n\n\n<p>Les <strong>propositions de r\u00e9\u00e9criture<\/strong> sont parfois propos\u00e9es pour les tournures qui me semblent maladroites, comme les pl\u00e9onasmes, les r\u00e9p\u00e9titions, les anglicismes, etc. Il est bien entendu que ces figures de style et le vocabulaire utilis\u00e9 peuvent \u00eatre des choix d\u2019\u00e9criture d\u00e9lib\u00e9r\u00e9s, c\u2019est pourquoi je ne les modifie jamais dans le texte. J&rsquo;ajoute un commentaire pour chaque proposition et vous restez libre de ne pas en tenir compte.<\/p>\n\n\n<style>.wp-block-kadence-advancedheading.kt-adv-heading90_943e1c-b4, .wp-block-kadence-advancedheading.kt-adv-heading90_943e1c-b4[data-kb-block=\"kb-adv-heading90_943e1c-b4\"]{font-style:normal;}.wp-block-kadence-advancedheading.kt-adv-heading90_943e1c-b4 mark.kt-highlight, .wp-block-kadence-advancedheading.kt-adv-heading90_943e1c-b4[data-kb-block=\"kb-adv-heading90_943e1c-b4\"] mark.kt-highlight{font-style:normal;color:#f76a0c;-webkit-box-decoration-break:clone;box-decoration-break:clone;padding-top:0px;padding-right:0px;padding-bottom:0px;padding-left:0px;}.wp-block-kadence-advancedheading.kt-adv-heading90_943e1c-b4[data-kb-block=\"kb-adv-heading90_943e1c-b4\"] a, a.kb-advanced-heading-link.kt-adv-heading-link90_943e1c-b4{text-decoration:none;}<\/style>\n<p class=\"kt-adv-heading90_943e1c-b4 wp-block-kadence-advancedheading hls-none\" data-kb-block=\"kb-adv-heading90_943e1c-b4\">Pour une <strong><a href=\"https:\/\/ft-correction.fr\/?page_id=79\" target=\"_blank\" rel=\"noreferrer noopener\">pr\u00e9paration de copie<\/a> <\/strong>compl\u00e8te je peux vous proposer de v\u00e9rifier la concordance des temps et la coh\u00e9rence des informations cit\u00e9es dans le texte. Vous devez v\u00e9rifier mes suggestions de correction avant de les introduire dans le texte mais la plupart doivent \u00eatre prises en compte, sauf erreur de ma part.<\/p>\n\n\n<style>.wp-block-kadence-advancedheading.kt-adv-heading90_6beadb-0d, .wp-block-kadence-advancedheading.kt-adv-heading90_6beadb-0d[data-kb-block=\"kb-adv-heading90_6beadb-0d\"]{font-style:normal;}.wp-block-kadence-advancedheading.kt-adv-heading90_6beadb-0d mark.kt-highlight, .wp-block-kadence-advancedheading.kt-adv-heading90_6beadb-0d[data-kb-block=\"kb-adv-heading90_6beadb-0d\"] mark.kt-highlight{font-style:normal;color:#f76a0c;-webkit-box-decoration-break:clone;box-decoration-break:clone;padding-top:0px;padding-right:0px;padding-bottom:0px;padding-left:0px;}<\/style>\n<p class=\"kt-adv-heading90_6beadb-0d wp-block-kadence-advancedheading\" data-kb-block=\"kb-adv-heading90_6beadb-0d\">La <strong>correction sur papier<\/strong> se fait dans votre manuscrit avec les signes de correction. Il s&rsquo;agit alors d&rsquo;une pr\u00e9paration de copie. <\/p>\n\n\n<style>.wp-block-kadence-advancedheading.kt-adv-heading90_f9c93a-50, .wp-block-kadence-advancedheading.kt-adv-heading90_f9c93a-50[data-kb-block=\"kb-adv-heading90_f9c93a-50\"]{font-style:normal;}.wp-block-kadence-advancedheading.kt-adv-heading90_f9c93a-50 mark.kt-highlight, .wp-block-kadence-advancedheading.kt-adv-heading90_f9c93a-50[data-kb-block=\"kb-adv-heading90_f9c93a-50\"] mark.kt-highlight{font-style:normal;color:#f76a0c;-webkit-box-decoration-break:clone;box-decoration-break:clone;padding-top:0px;padding-right:0px;padding-bottom:0px;padding-left:0px;}<\/style>\n<p class=\"kt-adv-heading90_f9c93a-50 wp-block-kadence-advancedheading\" data-kb-block=\"kb-adv-heading90_f9c93a-50\">Une <strong>mise en page<\/strong> est \u00e9galement possible.<\/p>\n\n\n<style>.wp-block-kadence-advancedheading.kt-adv-heading90_f8bc30-63, .wp-block-kadence-advancedheading.kt-adv-heading90_f8bc30-63[data-kb-block=\"kb-adv-heading90_f8bc30-63\"]{font-style:normal;}.wp-block-kadence-advancedheading.kt-adv-heading90_f8bc30-63 mark.kt-highlight, .wp-block-kadence-advancedheading.kt-adv-heading90_f8bc30-63[data-kb-block=\"kb-adv-heading90_f8bc30-63\"] mark.kt-highlight{font-style:normal;color:#f76a0c;-webkit-box-decoration-break:clone;box-decoration-break:clone;padding-top:0px;padding-right:0px;padding-bottom:0px;padding-left:0px;}.wp-block-kadence-advancedheading.kt-adv-heading90_f8bc30-63[data-kb-block=\"kb-adv-heading90_f8bc30-63\"] a, a.kb-advanced-heading-link.kt-adv-heading-link90_f8bc30-63{text-decoration:none;}<\/style>\n<p class=\"kt-adv-heading90_f8bc30-63 wp-block-kadence-advancedheading hls-none\" data-kb-block=\"kb-adv-heading90_f8bc30-63\">Lorsque vous d\u00e9cidez de faire appel \u00e0 mes services, plusieurs choix s\u2019offrent donc \u00e0 vous. Il ne vous reste plus qu&rsquo;\u00e0 aller consulter les <strong><a href=\"https:\/\/ft-correction.fr\/?page_id=12\" target=\"_blank\" rel=\"noreferrer noopener\">tarifs<\/a><\/strong> correspondants \u00e0 chaque type de correction. <\/p>\n<\/div><\/div>\n\n<\/div><\/div>\n\n\n<p><\/p>\n","protected":false},"excerpt":{"rendered":"<p>La proc\u00e9dure de correction Comment je proc\u00e8de pour corriger votre texte Les corrections des erreurs d\u2019orthographe lexicale et grammaticale, de syntaxe, de s\u00e9mantique et typographiques sont faites dans le texte&nbsp;: J\u2019ai une pr\u00e9f\u00e9rence pour LibreOffice Writer puisque c\u2019est un logiciel libre. Je peux lire et corriger votre texte tout en conservant le format Word, seul&#8230;<\/p>\n","protected":false},"author":1,"featured_media":0,"parent":0,"menu_order":0,"comment_status":"closed","ping_status":"closed","template":"","meta":{"_kad_post_transparent":"","_kad_post_title":"hide","_kad_post_layout":"","_kad_post_sidebar_id":"","_kad_post_content_style":"","_kad_post_vertical_padding":"","_kad_post_feature":"","_kad_post_feature_position":"","_kad_post_header":false,"_kad_post_footer":false,"_kad_post_classname":"","footnotes":""},"class_list":["post-90","page","type-page","status-publish","hentry"],"_links":{"self":[{"href":"https:\/\/ft-correction.fr\/index.php?rest_route=\/wp\/v2\/pages\/90","targetHints":{"allow":["GET"]}}],"collection":[{"href":"https:\/\/ft-correction.fr\/index.php?rest_route=\/wp\/v2\/pages"}],"about":[{"href":"https:\/\/ft-correction.fr\/index.php?rest_route=\/wp\/v2\/types\/page"}],"author":[{"embeddable":true,"href":"https:\/\/ft-correction.fr\/index.php?rest_route=\/wp\/v2\/users\/1"}],"replies":[{"embeddable":true,"href":"https:\/\/ft-correction.fr\/index.php?rest_route=%2Fwp%2Fv2%2Fcomments&post=90"}],"version-history":[{"count":33,"href":"https:\/\/ft-correction.fr\/index.php?rest_route=\/wp\/v2\/pages\/90\/revisions"}],"predecessor-version":[{"id":990,"href":"https:\/\/ft-correction.fr\/index.php?rest_route=\/wp\/v2\/pages\/90\/revisions\/990"}],"wp:attachment":[{"href":"https:\/\/ft-correction.fr\/index.php?rest_route=%2Fwp%2Fv2%2Fmedia&parent=90"}],"curies":[{"name":"wp","href":"https:\/\/api.w.org\/{rel}","templated":true}]}}