{"id":16,"date":"2023-06-14T10:54:38","date_gmt":"2023-06-14T08:54:38","guid":{"rendered":"https:\/\/ft-correction.fr\/?page_id=16"},"modified":"2024-12-13T18:31:24","modified_gmt":"2024-12-13T17:31:24","slug":"contact","status":"publish","type":"page","link":"https:\/\/ft-correction.fr\/?page_id=16","title":{"rendered":"Contact"},"content":{"rendered":"<style>.kb-row-layout-id16_1e510e-db > .kt-row-column-wrap{align-content:start;}:where(.kb-row-layout-id16_1e510e-db > .kt-row-column-wrap) > .wp-block-kadence-column{justify-content:start;}.kb-row-layout-id16_1e510e-db > .kt-row-column-wrap{column-gap:var(--global-kb-gap-lg, 4rem);row-gap:var(--global-kb-gap-md, 2rem);max-width:929px;margin-left:auto;margin-right:auto;padding-top:var(--global-kb-spacing-md, 2rem);padding-right:0px;padding-bottom:var(--global-kb-spacing-xxl, 5rem);grid-template-columns:minmax(0, calc(40% - ((var(--global-kb-gap-lg, 4rem) * 1 )\/2)))minmax(0, calc(60% - ((var(--global-kb-gap-lg, 4rem) * 1 )\/2)));}.kb-row-layout-id16_1e510e-db > .kt-row-layout-overlay{opacity:0.30;}.kb-row-layout-id16_1e510e-db .kt-row-layout-top-sep{height:100px;}.kb-row-layout-id16_1e510e-db .kt-row-layout-top-sep svg{width:100%;}.kb-row-layout-id16_1e510e-db .kt-row-layout-top-sep svg{fill:var(--global-palette4, #2D3748)!important;}@media all and (max-width: 1024px){.kb-row-layout-id16_1e510e-db > .kt-row-column-wrap{row-gap:var(--global-kb-gap-sm, 1rem);grid-template-columns:minmax(0, 1fr) minmax(0, 2fr);}}@media all and (max-width: 767px){.kb-row-layout-id16_1e510e-db > .kt-row-column-wrap{row-gap:var(--global-kb-gap-sm, 1rem);grid-template-columns:minmax(0, 1fr);}}<\/style><div class=\"kb-row-layout-wrap kb-row-layout-id16_1e510e-db alignfull has-theme-palette9-background-color kt-row-has-bg wp-block-kadence-rowlayout\"><div class=\"kt-row-column-wrap kt-has-2-columns kt-row-layout-right-golden kt-tab-layout-inherit kt-mobile-layout-row kt-row-valign-top\">\n<style>.kadence-column16_08782d-4b > .kt-inside-inner-col,.kadence-column16_08782d-4b > .kt-inside-inner-col:before{border-top-left-radius:0px;border-top-right-radius:0px;border-bottom-right-radius:0px;border-bottom-left-radius:0px;}.kadence-column16_08782d-4b > .kt-inside-inner-col{column-gap:var(--global-kb-gap-sm, 1rem);}.kadence-column16_08782d-4b > .kt-inside-inner-col{flex-direction:column;}.kadence-column16_08782d-4b > .kt-inside-inner-col > .aligncenter{width:100%;}.kadence-column16_08782d-4b > .kt-inside-inner-col:before{opacity:0.3;}.kadence-column16_08782d-4b{position:relative;}@media all and (max-width: 1024px){.kadence-column16_08782d-4b > .kt-inside-inner-col{flex-direction:column;justify-content:center;}}@media all and (max-width: 767px){.kadence-column16_08782d-4b > .kt-inside-inner-col{flex-direction:column;justify-content:center;}}<\/style>\n<div class=\"wp-block-kadence-column kadence-column16_08782d-4b inner-column-1\"><div class=\"kt-inside-inner-col\"><style>.wp-block-kadence-advancedheading.kt-adv-heading16_e87f9e-71, .wp-block-kadence-advancedheading.kt-adv-heading16_e87f9e-71[data-kb-block=\"kb-adv-heading16_e87f9e-71\"]{padding-top:var(--global-kb-spacing-sm, 1.5rem);padding-right:0px;padding-bottom:var(--global-kb-spacing-sm, 1.5rem);padding-left:0px;margin-bottom:0px;text-align:left;font-size:28px;line-height:1.2;font-weight:400;font-style:normal;font-family:'Atkinson Hyperlegible';}.wp-block-kadence-advancedheading.kt-adv-heading16_e87f9e-71 mark.kt-highlight, .wp-block-kadence-advancedheading.kt-adv-heading16_e87f9e-71[data-kb-block=\"kb-adv-heading16_e87f9e-71\"] mark.kt-highlight{font-style:normal;color:#f76a0c;-webkit-box-decoration-break:clone;box-decoration-break:clone;padding-top:0px;padding-right:0px;padding-bottom:0px;padding-left:0px;}<\/style>\n<h2 class=\"kt-adv-heading16_e87f9e-71 wp-block-kadence-advancedheading has-theme-palette-4-color has-text-color has-theme-palette-9-background-color has-background\" data-kb-block=\"kb-adv-heading16_e87f9e-71\">Florence TASSIGNON<\/h2>\n\n\n<style>.wp-block-kadence-advancedheading.kt-adv-heading16_989a9a-2f, .wp-block-kadence-advancedheading.kt-adv-heading16_989a9a-2f[data-kb-block=\"kb-adv-heading16_989a9a-2f\"]{font-size:24px;font-weight:400;font-style:normal;font-family:'Atkinson Hyperlegible';}.wp-block-kadence-advancedheading.kt-adv-heading16_989a9a-2f mark.kt-highlight, .wp-block-kadence-advancedheading.kt-adv-heading16_989a9a-2f[data-kb-block=\"kb-adv-heading16_989a9a-2f\"] mark.kt-highlight{font-style:normal;color:#f76a0c;-webkit-box-decoration-break:clone;box-decoration-break:clone;padding-top:0px;padding-right:0px;padding-bottom:0px;padding-left:0px;}<\/style>\n<p class=\"kt-adv-heading16_989a9a-2f wp-block-kadence-advancedheading\" data-kb-block=\"kb-adv-heading16_989a9a-2f\">Correctrice-relectrice<\/p>\n\n\n<style>.wp-block-kadence-advancedheading.kt-adv-heading16_3fb99c-ac, .wp-block-kadence-advancedheading.kt-adv-heading16_3fb99c-ac[data-kb-block=\"kb-adv-heading16_3fb99c-ac\"]{font-style:normal;}.wp-block-kadence-advancedheading.kt-adv-heading16_3fb99c-ac mark.kt-highlight, .wp-block-kadence-advancedheading.kt-adv-heading16_3fb99c-ac[data-kb-block=\"kb-adv-heading16_3fb99c-ac\"] mark.kt-highlight{font-style:normal;color:var(--global-palette5, #4A5568);-webkit-box-decoration-break:clone;box-decoration-break:clone;padding-top:0px;padding-right:0px;padding-bottom:0px;padding-left:0px;}.wp-block-kadence-advancedheading.kt-adv-heading16_3fb99c-ac[data-kb-block=\"kb-adv-heading16_3fb99c-ac\"] a, a.kb-advanced-heading-link.kt-adv-heading-link16_3fb99c-ac{text-decoration:none;}<\/style>\n<p class=\"kt-adv-heading16_3fb99c-ac wp-block-kadence-advancedheading hls-none\" data-kb-block=\"kb-adv-heading16_3fb99c-ac\">Pour une <strong>demande de devis gratuit<\/strong> veuillez remplir le formulaire <a href=\"https:\/\/ft-correction.fr\/?page_id=379\"><strong>ici<\/strong><\/a><\/p>\n\n\n<style>.wp-block-kadence-advancedheading.kt-adv-heading16_6fc337-ae, .wp-block-kadence-advancedheading.kt-adv-heading16_6fc337-ae[data-kb-block=\"kb-adv-heading16_6fc337-ae\"]{padding-top:var(--global-kb-spacing-xxs, 0.5rem);font-style:normal;}.wp-block-kadence-advancedheading.kt-adv-heading16_6fc337-ae mark.kt-highlight, .wp-block-kadence-advancedheading.kt-adv-heading16_6fc337-ae[data-kb-block=\"kb-adv-heading16_6fc337-ae\"] mark.kt-highlight{font-style:normal;color:#f76a0c;-webkit-box-decoration-break:clone;box-decoration-break:clone;padding-top:0px;padding-right:0px;padding-bottom:0px;padding-left:0px;}<\/style>\n<p class=\"kt-adv-heading16_6fc337-ae wp-block-kadence-advancedheading has-theme-palette-4-color has-text-color\" data-kb-block=\"kb-adv-heading16_6fc337-ae\">Si vous avez encore une question pour laquelle vous n&rsquo;avez pas trouv\u00e9 de r\u00e9ponse dans les pages de ce site ou si vous souhaitez tout simplement me laisser un message, vous pouvez utiliser le formulaire de contact ci-contre. Son contenu sera envoy\u00e9 directement dans ma bo\u00eete mail, aucun risque qu&rsquo;il arrive dans les spams.                        <\/p>\n\n\n<style>.wp-block-kadence-advancedheading.kt-adv-heading16_027232-93, .wp-block-kadence-advancedheading.kt-adv-heading16_027232-93[data-kb-block=\"kb-adv-heading16_027232-93\"]{font-style:normal;}.wp-block-kadence-advancedheading.kt-adv-heading16_027232-93 mark.kt-highlight, .wp-block-kadence-advancedheading.kt-adv-heading16_027232-93[data-kb-block=\"kb-adv-heading16_027232-93\"] mark.kt-highlight{font-style:normal;color:#f76a0c;-webkit-box-decoration-break:clone;box-decoration-break:clone;padding-top:0px;padding-right:0px;padding-bottom:0px;padding-left:0px;}<\/style>\n<p class=\"kt-adv-heading16_027232-93 wp-block-kadence-advancedheading\" data-kb-block=\"kb-adv-heading16_027232-93\"> <strong>R\u00e9ponse dans un d\u00e9lai de 48 heures jours ouvr\u00e9s.<\/strong><\/p>\n<\/div><\/div>\n\n\n<style>.kadence-column16_1db9e2-59 > .kt-inside-inner-col,.kadence-column16_1db9e2-59 > .kt-inside-inner-col:before{border-top-left-radius:0px;border-top-right-radius:0px;border-bottom-right-radius:0px;border-bottom-left-radius:0px;}.kadence-column16_1db9e2-59 > .kt-inside-inner-col{column-gap:var(--global-kb-gap-sm, 1rem);}.kadence-column16_1db9e2-59 > .kt-inside-inner-col{flex-direction:column;}.kadence-column16_1db9e2-59 > .kt-inside-inner-col > .aligncenter{width:100%;}.kadence-column16_1db9e2-59 > .kt-inside-inner-col:before{opacity:0.3;}.kadence-column16_1db9e2-59{position:relative;}@media all and (max-width: 1024px){.kadence-column16_1db9e2-59 > .kt-inside-inner-col{flex-direction:column;justify-content:center;}}@media all and (max-width: 767px){.kadence-column16_1db9e2-59 > .kt-inside-inner-col{flex-direction:column;justify-content:center;}}<\/style>\n<div class=\"wp-block-kadence-column kadence-column16_1db9e2-59 inner-column-2\"><div class=\"kt-inside-inner-col\"><style>.wp-block-kadence-advancedheading.kt-adv-heading16_d046e5-72, .wp-block-kadence-advancedheading.kt-adv-heading16_d046e5-72[data-kb-block=\"kb-adv-heading16_d046e5-72\"]{text-align:center;font-size:31px;font-style:normal;font-family:var( --global-heading-font-family, inherit );}.wp-block-kadence-advancedheading.kt-adv-heading16_d046e5-72 mark.kt-highlight, .wp-block-kadence-advancedheading.kt-adv-heading16_d046e5-72[data-kb-block=\"kb-adv-heading16_d046e5-72\"] mark.kt-highlight{font-style:normal;color:#f76a0c;-webkit-box-decoration-break:clone;box-decoration-break:clone;padding-top:0px;padding-right:0px;padding-bottom:0px;padding-left:0px;}<\/style>\n<h2 class=\"kt-adv-heading16_d046e5-72 wp-block-kadence-advancedheading has-theme-palette-4-color has-text-color has-theme-palette-9-background-color has-background\" data-kb-block=\"kb-adv-heading16_d046e5-72\"><strong>Formulaire de contact<\/strong><\/h2>\n\n\n<div class=\"wp-block-kadence-advanced-form wp-block-kadence-advanced-form724-cpt-id kb-form-basic-style wp-block-kadence-advanced-form\"><form id=\"kb-adv-form-724-cpt-id\" class=\"kb-advanced-form\" method=\"post\">\n<div class=\"kb-adv-form-field kb-adv-form-text-type-input kb-adv-form-infield-type-input kb-field724c836be-ff wp-block-kadence-advanced-form-text\"><label class=\"kb-adv-form-label\" for=\"field724c836be-ff\">Nom<span class=\"kb-adv-form-required\">*<\/span><\/label><input name=\"fieldc836be-ff\" id=\"field724c836be-ff\" data-label=\"Nom\" type=\"text\" placeholder=\"\" value=\"\" data-type=\"text\" class=\"kb-field kb-text-field\" data-required=\"yes\" required aria-required=\"true\"\/><\/div>\n\n<div class=\"kb-adv-form-field kb-adv-form-text-type-input kb-adv-form-infield-type-input kb-field7244cde8c-c6 wp-block-kadence-advanced-form-text\"><label class=\"kb-adv-form-label\" for=\"field7244cde8c-c6\">Pr\u00e9nom<span class=\"kb-adv-form-required\">*<\/span><\/label><input name=\"field4cde8c-c6\" id=\"field7244cde8c-c6\" data-label=\"Pr\u00e9nom\" type=\"text\" placeholder=\"\" value=\"\" data-type=\"text\" class=\"kb-field kb-text-field\" data-required=\"yes\" required aria-required=\"true\"\/><\/div>\n\n<div class=\"kb-adv-form-field kb-adv-form-text-type-input kb-adv-form-infield-type-input kb-field724a393a3-08 wp-block-kadence-advanced-form-email\"><label class=\"kb-adv-form-label\" for=\"field724a393a3-08\">Email<span class=\"kb-adv-form-required\">*<\/span><\/label><input name=\"fielda393a3-08\" id=\"field724a393a3-08\" data-label=\"Email\" type=\"email\" placeholder=\"\" value=\"\" data-type=\"email\" class=\"kb-field kb-email-field\" data-required=\"yes\" required aria-required=\"true\"\/><\/div>\n\n<div class=\"kb-adv-form-field kb-adv-form-text-type-input kb-adv-form-infield-type-input kb-field724fb147f-c2 wp-block-kadence-advanced-form-textarea\"><label class=\"kb-adv-form-label\" for=\"field724fb147f-c2\">Message<span class=\"kb-adv-form-required\">*<\/span><\/label><textarea name=\"fieldfb147f-c2\" id=\"field724fb147f-c2\" rows=\"3\"  data-label=\"Message\" placeholder=\"\" data-type=\"textarea\" class=\"kb-field kb-textarea-field\" data-required=\"yes\" required aria-required=\"true\"><\/textarea><\/div>\n\n<style>ul.menu .kb-submit-field .kb-btn25df4f-49.kb-button{width:initial;}.kb-submit-field.kb-field25df4f-49{justify-content:flex-start;}<\/style><div class=\"kb-adv-form-field kb-submit-field kb-field25df4f-49 wp-block-kadence-advanced-form-submit\"><button class=\"kb-button kt-button button kb-adv-form-submit-button kb-btn25df4f-49 kt-btn-size-standard kt-btn-width-type-auto kb-btn-global-fill kt-btn-has-text-true kt-btn-has-svg-false\" type=\"submit\"><span class=\"kt-btn-inner-text\">Envoyer<\/span><\/button><\/div>\n<input type=\"hidden\" name=\"_kb_adv_form_post_id\" value=\"724\"><input type=\"hidden\" name=\"action\" value=\"kb_process_advanced_form_submit\"><input type=\"hidden\" name=\"_kb_adv_form_id\" value=\"724-cpt-id\"><\/form><\/div><\/div><\/div>\n\n<\/div><\/div>","protected":false},"excerpt":{"rendered":"<p>Florence TASSIGNON Correctrice-relectrice Pour une demande de devis gratuit veuillez remplir le formulaire ici Si vous avez encore une question pour laquelle vous n&rsquo;avez pas trouv\u00e9 de r\u00e9ponse dans les pages de ce site ou si vous souhaitez tout simplement me laisser un message, vous pouvez utiliser le formulaire de contact ci-contre. Son contenu sera&#8230;<\/p>\n","protected":false},"author":1,"featured_media":0,"parent":0,"menu_order":6,"comment_status":"closed","ping_status":"closed","template":"","meta":{"_kad_post_transparent":"","_kad_post_title":"hide","_kad_post_layout":"","_kad_post_sidebar_id":"","_kad_post_content_style":"","_kad_post_vertical_padding":"","_kad_post_feature":"","_kad_post_feature_position":"","_kad_post_header":false,"_kad_post_footer":false,"_kad_post_classname":"","footnotes":""},"class_list":["post-16","page","type-page","status-publish","hentry"],"_links":{"self":[{"href":"https:\/\/ft-correction.fr\/index.php?rest_route=\/wp\/v2\/pages\/16","targetHints":{"allow":["GET"]}}],"collection":[{"href":"https:\/\/ft-correction.fr\/index.php?rest_route=\/wp\/v2\/pages"}],"about":[{"href":"https:\/\/ft-correction.fr\/index.php?rest_route=\/wp\/v2\/types\/page"}],"author":[{"embeddable":true,"href":"https:\/\/ft-correction.fr\/index.php?rest_route=\/wp\/v2\/users\/1"}],"replies":[{"embeddable":true,"href":"https:\/\/ft-correction.fr\/index.php?rest_route=%2Fwp%2Fv2%2Fcomments&post=16"}],"version-history":[{"count":26,"href":"https:\/\/ft-correction.fr\/index.php?rest_route=\/wp\/v2\/pages\/16\/revisions"}],"predecessor-version":[{"id":1001,"href":"https:\/\/ft-correction.fr\/index.php?rest_route=\/wp\/v2\/pages\/16\/revisions\/1001"}],"wp:attachment":[{"href":"https:\/\/ft-correction.fr\/index.php?rest_route=%2Fwp%2Fv2%2Fmedia&parent=16"}],"curies":[{"name":"wp","href":"https:\/\/api.w.org\/{rel}","templated":true}]}}