{"id":12,"date":"2023-06-14T10:52:17","date_gmt":"2023-06-14T08:52:17","guid":{"rendered":"https:\/\/ft-correction.fr\/?page_id=12"},"modified":"2024-12-13T16:54:41","modified_gmt":"2024-12-13T15:54:41","slug":"tarif","status":"publish","type":"page","link":"https:\/\/ft-correction.fr\/?page_id=12","title":{"rendered":"Tarif"},"content":{"rendered":"<style>.kb-row-layout-id12_eccb88-4a > .kt-row-column-wrap{align-content:start;}:where(.kb-row-layout-id12_eccb88-4a > .kt-row-column-wrap) > .wp-block-kadence-column{justify-content:start;}.kb-row-layout-id12_eccb88-4a > .kt-row-column-wrap{column-gap:var(--global-kb-gap-md, 2rem);row-gap:var(--global-kb-gap-md, 2rem);max-width:820px;margin-left:auto;margin-right:auto;padding-bottom:var(--global-kb-spacing-sm, 1.5rem);grid-template-columns:minmax(0, 1fr);}.kb-row-layout-id12_eccb88-4a > .kt-row-layout-overlay{opacity:0.30;}@media all and (max-width: 1024px){.kb-row-layout-id12_eccb88-4a > .kt-row-column-wrap{grid-template-columns:minmax(0, 1fr);}}@media all and (max-width: 767px){.kb-row-layout-id12_eccb88-4a > .kt-row-column-wrap{grid-template-columns:minmax(0, 1fr);}}<\/style><div class=\"kb-row-layout-wrap kb-row-layout-id12_eccb88-4a alignnone wp-block-kadence-rowlayout\"><div class=\"kt-row-column-wrap kt-has-1-columns kt-row-layout-equal kt-tab-layout-inherit kt-mobile-layout-row kt-row-valign-top\">\n<style>.kadence-column12_563bcb-5a > .kt-inside-inner-col,.kadence-column12_563bcb-5a > .kt-inside-inner-col:before{border-top-left-radius:0px;border-top-right-radius:0px;border-bottom-right-radius:0px;border-bottom-left-radius:0px;}.kadence-column12_563bcb-5a > .kt-inside-inner-col{column-gap:var(--global-kb-gap-sm, 1rem);}.kadence-column12_563bcb-5a > .kt-inside-inner-col{flex-direction:column;}.kadence-column12_563bcb-5a > .kt-inside-inner-col > .aligncenter{width:100%;}.kadence-column12_563bcb-5a > .kt-inside-inner-col:before{opacity:0.3;}.kadence-column12_563bcb-5a{position:relative;}@media all and (max-width: 1024px){.kadence-column12_563bcb-5a > .kt-inside-inner-col{flex-direction:column;justify-content:center;}}@media all and (max-width: 767px){.kadence-column12_563bcb-5a > .kt-inside-inner-col{flex-direction:column;justify-content:center;}}<\/style>\n<div class=\"wp-block-kadence-column kadence-column12_563bcb-5a\"><div class=\"kt-inside-inner-col\"><style>.kb-row-layout-id12_5e813f-09 > .kt-row-column-wrap{align-content:start;}:where(.kb-row-layout-id12_5e813f-09 > .kt-row-column-wrap) > .wp-block-kadence-column{justify-content:start;}.kb-row-layout-id12_5e813f-09 > .kt-row-column-wrap{column-gap:var(--global-kb-gap-md, 2rem);row-gap:var(--global-kb-gap-md, 2rem);grid-template-columns:minmax(0, 1fr);}.kb-row-layout-id12_5e813f-09 > .kt-row-layout-overlay{opacity:0.30;}@media all and (max-width: 1024px){.kb-row-layout-id12_5e813f-09 > .kt-row-column-wrap{grid-template-columns:minmax(0, 1fr);}}@media all and (max-width: 767px){.kb-row-layout-id12_5e813f-09 > .kt-row-column-wrap{grid-template-columns:minmax(0, 1fr);}}<\/style><div class=\"kb-row-layout-wrap kb-row-layout-id12_5e813f-09 alignnone has-theme-palette9-background-color kt-row-has-bg wp-block-kadence-rowlayout\"><div class=\"kt-row-column-wrap kt-has-2-columns kt-row-layout-row kt-tab-layout-inherit kt-mobile-layout-row kt-row-valign-top\">\n<style>.kadence-column12_c7a4bb-77 > .kt-inside-inner-col,.kadence-column12_c7a4bb-77 > .kt-inside-inner-col:before{border-top-left-radius:0px;border-top-right-radius:0px;border-bottom-right-radius:0px;border-bottom-left-radius:0px;}.kadence-column12_c7a4bb-77 > .kt-inside-inner-col{column-gap:var(--global-kb-gap-sm, 1rem);}.kadence-column12_c7a4bb-77 > .kt-inside-inner-col{flex-direction:column;}.kadence-column12_c7a4bb-77 > .kt-inside-inner-col > .aligncenter{width:100%;}.kadence-column12_c7a4bb-77 > .kt-inside-inner-col:before{opacity:0.3;}.kadence-column12_c7a4bb-77{position:relative;}@media all and (max-width: 1024px){.kadence-column12_c7a4bb-77 > .kt-inside-inner-col{flex-direction:column;justify-content:center;}}@media all and (max-width: 767px){.kadence-column12_c7a4bb-77 > .kt-inside-inner-col{flex-direction:column;justify-content:center;}}<\/style>\n<div class=\"wp-block-kadence-column kadence-column12_c7a4bb-77\"><div class=\"kt-inside-inner-col\"><style>.wp-block-kadence-advancedheading.kt-adv-heading12_3842b2-3e, .wp-block-kadence-advancedheading.kt-adv-heading12_3842b2-3e[data-kb-block=\"kb-adv-heading12_3842b2-3e\"]{text-align:center;font-size:40px;font-style:normal;font-family:var( --global-heading-font-family, inherit );}.wp-block-kadence-advancedheading.kt-adv-heading12_3842b2-3e mark.kt-highlight, .wp-block-kadence-advancedheading.kt-adv-heading12_3842b2-3e[data-kb-block=\"kb-adv-heading12_3842b2-3e\"] mark.kt-highlight{font-style:normal;color:#f76a0c;-webkit-box-decoration-break:clone;box-decoration-break:clone;padding-top:0px;padding-right:0px;padding-bottom:0px;padding-left:0px;}<\/style>\n<h2 class=\"kt-adv-heading12_3842b2-3e wp-block-kadence-advancedheading has-theme-palette-4-color has-text-color\" data-kb-block=\"kb-adv-heading12_3842b2-3e\"><strong>Les tarifs<\/strong><\/h2>\n<\/div><\/div>\n\n\n<style>.kadence-column12_b301eb-73 > .kt-inside-inner-col,.kadence-column12_b301eb-73 > .kt-inside-inner-col:before{border-top-left-radius:0px;border-top-right-radius:0px;border-bottom-right-radius:0px;border-bottom-left-radius:0px;}.kadence-column12_b301eb-73 > .kt-inside-inner-col{column-gap:var(--global-kb-gap-sm, 1rem);}.kadence-column12_b301eb-73 > .kt-inside-inner-col{flex-direction:column;}.kadence-column12_b301eb-73 > .kt-inside-inner-col > .aligncenter{width:100%;}.kadence-column12_b301eb-73 > .kt-inside-inner-col:before{opacity:0.3;}.kadence-column12_b301eb-73{position:relative;}@media all and (max-width: 1024px){.kadence-column12_b301eb-73 > .kt-inside-inner-col{flex-direction:column;justify-content:center;}}@media all and (max-width: 767px){.kadence-column12_b301eb-73 > .kt-inside-inner-col{flex-direction:column;justify-content:center;}}<\/style>\n<div class=\"wp-block-kadence-column kadence-column12_b301eb-73\"><div class=\"kt-inside-inner-col\"><style>.kb-image12_278563-2e.kb-image-is-ratio-size, .kb-image12_278563-2e .kb-image-is-ratio-size{max-width:553px;width:100%;}.wp-block-kadence-column > .kt-inside-inner-col > .kb-image12_278563-2e.kb-image-is-ratio-size, .wp-block-kadence-column > .kt-inside-inner-col > .kb-image12_278563-2e .kb-image-is-ratio-size{align-self:unset;}.kb-image12_278563-2e figure{max-width:553px;}.kb-image12_278563-2e .image-is-svg, .kb-image12_278563-2e .image-is-svg img{width:100%;}.kb-image12_278563-2e .kb-image-has-overlay:after{opacity:0.3;}.kb-image12_278563-2e img.kb-img, .kb-image12_278563-2e .kb-img img{border-top-color:var(--global-palette4, #2D3748);border-top-style:solid;border-right-color:var(--global-palette4, #2D3748);border-right-style:solid;border-bottom-color:var(--global-palette4, #2D3748);border-bottom-style:solid;border-left-color:var(--global-palette4, #2D3748);border-left-style:solid;}@media all and (max-width: 1024px){.kb-image12_278563-2e img.kb-img, .kb-image12_278563-2e .kb-img img{border-top-color:var(--global-palette4, #2D3748);border-top-style:solid;border-right-color:var(--global-palette4, #2D3748);border-right-style:solid;border-bottom-color:var(--global-palette4, #2D3748);border-bottom-style:solid;border-left-color:var(--global-palette4, #2D3748);border-left-style:solid;}}@media all and (max-width: 767px){.kb-image12_278563-2e img.kb-img, .kb-image12_278563-2e .kb-img img{border-top-color:var(--global-palette4, #2D3748);border-top-style:solid;border-right-color:var(--global-palette4, #2D3748);border-right-style:solid;border-bottom-color:var(--global-palette4, #2D3748);border-bottom-style:solid;border-left-color:var(--global-palette4, #2D3748);border-left-style:solid;}}<\/style>\n<div class=\"wp-block-kadence-image kb-image12_278563-2e\"><figure class=\"aligncenter kb-image-is-ratio-size\"><div class=\"kb-is-ratio-image kb-image-ratio-land21\"><img loading=\"lazy\" decoding=\"async\" width=\"2560\" height=\"1280\" src=\"http:\/\/ft-correction.fr\/wp-content\/uploads\/2024\/03\/Sans-titre-scaled.jpg\" alt=\"\" class=\"kb-img wp-image-836\" srcset=\"https:\/\/ft-correction.fr\/wp-content\/uploads\/2024\/03\/Sans-titre-scaled.jpg 2560w, https:\/\/ft-correction.fr\/wp-content\/uploads\/2024\/03\/Sans-titre-300x150.jpg 300w, https:\/\/ft-correction.fr\/wp-content\/uploads\/2024\/03\/Sans-titre-1024x512.jpg 1024w, https:\/\/ft-correction.fr\/wp-content\/uploads\/2024\/03\/Sans-titre-768x384.jpg 768w, https:\/\/ft-correction.fr\/wp-content\/uploads\/2024\/03\/Sans-titre-1536x768.jpg 1536w, https:\/\/ft-correction.fr\/wp-content\/uploads\/2024\/03\/Sans-titre-2048x1024.jpg 2048w\" sizes=\"auto, (max-width: 2560px) 100vw, 2560px\" \/><\/div><\/figure><\/div>\n<\/div><\/div>\n\n<\/div><\/div>\n\n<style>.wp-block-kadence-advancedheading.kt-adv-heading12_fb6b1d-de, .wp-block-kadence-advancedheading.kt-adv-heading12_fb6b1d-de[data-kb-block=\"kb-adv-heading12_fb6b1d-de\"]{padding-top:var(--global-kb-spacing-xs, 1rem);padding-bottom:var(--global-kb-spacing-xs, 1rem);font-style:normal;font-family:var( --global-body-font-family, inherit );}.wp-block-kadence-advancedheading.kt-adv-heading12_fb6b1d-de mark.kt-highlight, .wp-block-kadence-advancedheading.kt-adv-heading12_fb6b1d-de[data-kb-block=\"kb-adv-heading12_fb6b1d-de\"] mark.kt-highlight{font-style:normal;color:#f76a0c;-webkit-box-decoration-break:clone;box-decoration-break:clone;padding-top:0px;padding-right:0px;padding-bottom:0px;padding-left:0px;}<\/style>\n<h4 class=\"kt-adv-heading12_fb6b1d-de wp-block-kadence-advancedheading has-theme-palette-4-color has-text-color\" data-kb-block=\"kb-adv-heading12_fb6b1d-de\"><strong>Les tarifs sont appliqu\u00e9s en fonction du <a href=\"https:\/\/ft-correction.fr\/?page_id=90\" target=\"_blank\" rel=\"noreferrer noopener\">type de correction<\/a> choisi :<\/strong><\/h4>\n\n\n<style>.wp-block-kadence-advancedheading.kt-adv-heading12_13c43a-ed, .wp-block-kadence-advancedheading.kt-adv-heading12_13c43a-ed[data-kb-block=\"kb-adv-heading12_13c43a-ed\"]{font-style:normal;}.wp-block-kadence-advancedheading.kt-adv-heading12_13c43a-ed mark.kt-highlight, .wp-block-kadence-advancedheading.kt-adv-heading12_13c43a-ed[data-kb-block=\"kb-adv-heading12_13c43a-ed\"] mark.kt-highlight{font-style:normal;color:#f76a0c;-webkit-box-decoration-break:clone;box-decoration-break:clone;padding-top:0px;padding-right:0px;padding-bottom:0px;padding-left:0px;}.wp-block-kadence-advancedheading.kt-adv-heading12_13c43a-ed[data-kb-block=\"kb-adv-heading12_13c43a-ed\"] a, a.kb-advanced-heading-link.kt-adv-heading-link12_13c43a-ed{text-decoration:none;}<\/style>\n<p class=\"kt-adv-heading12_13c43a-ed wp-block-kadence-advancedheading hls-none\" data-kb-block=\"kb-adv-heading12_13c43a-ed\">Ces tarifs sont propos\u00e9s \u00e0 titre indicatif pour 1000 signes espaces* comprises. Ils correspondent \u00e0 un niveau de difficult\u00e9 de correction moyen.<br>Pour une tarification plus pr\u00e9cise et une estimation du d\u00e9lai de retour de commande, faites une demande de <strong><a href=\"https:\/\/ft-correction.fr\/?page_id=379\" target=\"_blank\" rel=\"noreferrer noopener\">devis<\/a><\/strong> (gratuit) .<\/p>\n\n\n\n<div class=\"wp-block-columns are-vertically-aligned-top is-layout-flex wp-container-core-columns-is-layout-9d6595d7 wp-block-columns-is-layout-flex\">\n<div class=\"wp-block-column is-vertically-aligned-top is-layout-flow wp-block-column-is-layout-flow\" style=\"padding-top:0;padding-bottom:0;flex-basis:100%\">\n<div class=\"wp-block-group\"><div class=\"wp-block-group__inner-container is-layout-constrained wp-block-group-is-layout-constrained\">\n<div class=\"wp-block-columns is-layout-flex wp-container-core-columns-is-layout-9d6595d7 wp-block-columns-is-layout-flex\">\n<div class=\"wp-block-column is-layout-flow wp-block-column-is-layout-flow\" style=\"flex-basis:100%\">\n<div class=\"wp-block-group\"><div class=\"wp-block-group__inner-container is-layout-constrained wp-block-group-is-layout-constrained\">\n<figure class=\"wp-block-table alignleft is-style-regular\" style=\"margin-left:0rem;padding-top:0;padding-right:0;padding-bottom:0;padding-left:0\"><table class=\"has-theme-palette-4-color has-theme-palette-9-background-color has-text-color has-background has-link-color\"><thead><tr><th class=\"has-text-align-center\" data-align=\"center\"><\/th><th>Type de correction<\/th><th class=\"has-text-align-center\" data-align=\"center\"><strong>Tarif <\/strong>pour 1000 signes *<\/th><\/tr><\/thead><tbody><tr><td class=\"has-text-align-center\" data-align=\"center\"><strong>1<\/strong><\/td><td><strong>correction des erreurs <\/strong>d\u2019<strong>orthographe, <\/strong>de<strong> syntaxe, <\/strong>de <strong>s\u00e9mantique <\/strong>et de la<strong> typographie<\/strong><\/td><td class=\"has-text-align-center\" data-align=\"center\">1,50&nbsp;\u20ac<\/td><\/tr><tr><td class=\"has-text-align-center\" data-align=\"center\"><strong>2<\/strong><\/td><td><strong>correction 1. <\/strong>avec les<strong> commentaires<\/strong> renvoyant \u00e0 la r\u00e8gle d&rsquo;\u00e9criture correspondant \u00e0 chaque erreur<\/td><td class=\"has-text-align-center\" data-align=\"center\">2,50&nbsp;\u20ac<\/td><\/tr><tr><td class=\"has-text-align-center\" data-align=\"center\"><strong>3<\/strong><\/td><td><strong>correction 1. <\/strong>avec <strong>propositions de r\u00e9\u00e9criture<\/strong> de tournures maladroites  ajout\u00e9es en commentaire dans la marge du texte<\/td><td class=\"has-text-align-center\" data-align=\"center\">2,00&nbsp;\u20ac<\/td><\/tr><tr><td class=\"has-text-align-center\" data-align=\"center\"><strong>4<\/strong><\/td><td><strong>pr\u00e9paration de copie<\/strong> comprenant la <strong>correction 3.<\/strong> ainsi que la v\u00e9rification de la <strong>concordance des temps<\/strong> et la <strong>coh\u00e9rence des informations<\/strong> cit\u00e9es dans le texte<\/td><td class=\"has-text-align-center\" data-align=\"center\">3,00&nbsp;\u20ac<\/td><\/tr><tr><td class=\"has-text-align-center\" data-align=\"center\"><strong>5<\/strong><\/td><td><strong>correction sur papier<\/strong> avec les signes de corrections<\/td><td class=\"has-text-align-center\" data-align=\"center\">3,50&nbsp;\u20ac<\/td><\/tr><tr><td class=\"has-text-align-center\" data-align=\"center\"><strong>6<\/strong><\/td><td><strong>mise en page <\/strong>de votre texte. Le tarif est calcul\u00e9 sur la base d&rsquo;un forfait en fonction du nombre de pages, du type d&rsquo;\u00e9crit, de la pr\u00e9sence d&rsquo;illustrations, d&rsquo;un sommaire, etc.<\/td><td class=\"has-text-align-center\" data-align=\"center\">sur devis<\/td><\/tr><\/tbody><\/table><figcaption class=\"wp-element-caption\">* blancs qui s\u00e9parent deux mots (nom f\u00e9minin)<br><\/figcaption><\/figure>\n<\/div><\/div>\n<\/div>\n<\/div>\n<\/div><\/div>\n<\/div>\n<\/div>\n<\/div><\/div>\n\n<\/div><\/div>\n\n\n<p><\/p>\n","protected":false},"excerpt":{"rendered":"<p>Les tarifs Les tarifs sont appliqu\u00e9s en fonction du type de correction choisi : Ces tarifs sont propos\u00e9s \u00e0 titre indicatif pour 1000 signes espaces* comprises. Ils correspondent \u00e0 un niveau de difficult\u00e9 de correction moyen.Pour une tarification plus pr\u00e9cise et une estimation du d\u00e9lai de retour de commande, faites une demande de devis (gratuit)&#8230;<\/p>\n","protected":false},"author":1,"featured_media":0,"parent":0,"menu_order":0,"comment_status":"closed","ping_status":"closed","template":"","meta":{"_kad_post_transparent":"","_kad_post_title":"hide","_kad_post_layout":"","_kad_post_sidebar_id":"","_kad_post_content_style":"","_kad_post_vertical_padding":"","_kad_post_feature":"","_kad_post_feature_position":"","_kad_post_header":false,"_kad_post_footer":false,"_kad_post_classname":"","footnotes":""},"class_list":["post-12","page","type-page","status-publish","hentry"],"_links":{"self":[{"href":"https:\/\/ft-correction.fr\/index.php?rest_route=\/wp\/v2\/pages\/12","targetHints":{"allow":["GET"]}}],"collection":[{"href":"https:\/\/ft-correction.fr\/index.php?rest_route=\/wp\/v2\/pages"}],"about":[{"href":"https:\/\/ft-correction.fr\/index.php?rest_route=\/wp\/v2\/types\/page"}],"author":[{"embeddable":true,"href":"https:\/\/ft-correction.fr\/index.php?rest_route=\/wp\/v2\/users\/1"}],"replies":[{"embeddable":true,"href":"https:\/\/ft-correction.fr\/index.php?rest_route=%2Fwp%2Fv2%2Fcomments&post=12"}],"version-history":[{"count":32,"href":"https:\/\/ft-correction.fr\/index.php?rest_route=\/wp\/v2\/pages\/12\/revisions"}],"predecessor-version":[{"id":986,"href":"https:\/\/ft-correction.fr\/index.php?rest_route=\/wp\/v2\/pages\/12\/revisions\/986"}],"wp:attachment":[{"href":"https:\/\/ft-correction.fr\/index.php?rest_route=%2Fwp%2Fv2%2Fmedia&parent=12"}],"curies":[{"name":"wp","href":"https:\/\/api.w.org\/{rel}","templated":true}]}}